{"id":1436,"date":"2025-02-27T18:06:20","date_gmt":"2025-02-27T17:06:20","guid":{"rendered":"https:\/\/www.locservice.gobocom.com\/guides\/?p=1436"},"modified":"2025-04-17T16:21:23","modified_gmt":"2025-04-17T14:21:23","slug":"cee-certificats-economie-energie","status":"publish","type":"page","link":"https:\/\/www.locservice.gobocom.com\/guides\/cee-certificats-economie-energie","title":{"rendered":"Les Certificats d&rsquo;\u00c9conomie d&rsquo;\u00c9nergie (CEE)"},"content":{"rendered":"\n<p class=\"a-retenir\">Les <strong>certificats d\u2019\u00e9conomies d\u2019\u00e9nergie (CEE)<\/strong> permettent de financer des <strong>travaux de r\u00e9novation \u00e9nerg\u00e9tique<\/strong> gr\u00e2ce \u00e0 une obligation impos\u00e9e aux fournisseurs d\u2019\u00e9nergie. Ils sont accessibles aux particuliers et aux entreprises pour divers projets d\u2019am\u00e9lioration de l\u2019habitat et sont cumulables avec d\u2019autres aides.<\/p>\n\n\n\n<h2 class=\"wp-block-heading\">\ud83c\udfe1 <strong>Qu&rsquo;est-ce que le dispositif des CEE ?<\/strong><\/h2>\n\n\n\n<p>Le dispositif des <strong>CEE<\/strong> a \u00e9t\u00e9 mis en place par l\u2019\u00c9tat en 2006 pour inciter \u00e0 la r\u00e9duction de la consommation \u00e9nerg\u00e9tique. Il repose sur un principe simple : les <strong>fournisseurs d\u2019\u00e9nergie<\/strong> (\u00e9lectricit\u00e9, gaz, fioul, etc.) sont <strong>contraints de financer des actions d\u2019\u00e9conomies d\u2019\u00e9nergie<\/strong> sous peine de sanctions. Le m\u00e9canisme repose sur le principe du <strong>pollueur-payeur<\/strong> : les fournisseurs d\u2019\u00e9nergie doivent atteindre des objectifs d\u2019\u00e9conomies d\u2019\u00e9nergie, mesur\u00e9s en <strong>kWh cumac<\/strong> (cumul\u00e9 et actualis\u00e9 sur la dur\u00e9e de vie des \u00e9quipements).<\/p>\n\n\n\n<p>Pour remplir ces obligations, ils proposent des aides aux particuliers en \u00e9change de certificats d\u2019\u00e9conomies d\u2019\u00e9nergie. Les certificats obtenus sont ensuite transmis aux autorit\u00e9s pour justifier leur engagement. Par cons\u00e9quent, ce dispositif ouvre droit \u00e0 des <strong>primes <\/strong>pouvant <strong>financer une partie des co\u00fbts des travaux de r\u00e9novation \u00e9nerg\u00e9tique<\/strong> d&rsquo;un logement.<\/p>\n\n\n\n<h2 class=\"wp-block-heading\">\ud83d\udc68\u200d\ud83d\udc69\u200d\ud83d\udc66 <strong>Qui peut b\u00e9n\u00e9ficier des CEE ?<\/strong><\/h2>\n\n\n\n<p>Vous pouvez b\u00e9n\u00e9ficier des CEE si vous \u00eates <strong>propri\u00e9taire<\/strong>, <strong>propri\u00e9taire-bailleur<\/strong> ou m\u00eame <strong>locataire<\/strong> d&rsquo;un logement construit il y a <strong>plus de 2 ans<\/strong>.<\/p>\n\n\n\n<p>Cette aide concerne aussi bien les r\u00e9sidences principales (occup\u00e9es au moins 8 mois par an) que les r\u00e9sidences secondaires.<\/p>\n\n\n\n<p>Aucun plafond de ressources n&rsquo;est exig\u00e9, mais <strong>le montant de l&rsquo;aide peut varier<\/strong> en fonction de vos revenus.<\/p>\n\n\n\n<h2 class=\"wp-block-heading\">\ud83d\udd27 Quels travaux sont \u00e9ligibles aux CEE ?<\/h2>\n\n\n\n<p>Les CEE financent une large gamme de travaux, parmi lesquels :<\/p>\n\n\n\n<ul class=\"wp-block-list\">\n<li><strong>Isolation thermique<\/strong> : combles, toitures, murs, planchers bas, fen\u00eatres.<\/li>\n\n\n\n<li><strong>Chauffage performant<\/strong> : pompe \u00e0 chaleur, chaudi\u00e8re \u00e0 condensation, po\u00eale \u00e0 bois.<\/li>\n\n\n\n<li><strong>\u00c9nergies renouvelables<\/strong> : chauffe-eau solaire, panneaux photovolta\u00efques.<\/li>\n\n\n\n<li><strong>Ventilation et \u00e9clairage<\/strong> : VMC performante, ampoules LED.<\/li>\n<\/ul>\n\n\n\n<p>Les travaux doivent imp\u00e9rativement \u00eatre r\u00e9alis\u00e9s par un <strong>artisan qualifi\u00e9 RGE (Reconnu Garant de l\u2019Environnement)<\/strong>.<\/p>\n\n\n\n<p>Certaines op\u00e9rations b\u00e9n\u00e9ficient de bonifications temporaires appel\u00e9es \u00ab\u00a0<strong>Coup de pouce<\/strong>\u00ab\u00a0, avec des primes plus importantes pour les r\u00e9novations prioritaires.<\/p>\n\n\n\n<p class=\"has-border-color has-background\" style=\"border-color:#30a2ce;border-width:1px;background-color:#d2e8ef\">\u2139\ufe0f Besoin d\u2019un <strong>diagnostiqueur <\/strong>pour r\u00e9aliser votre <strong>DPE <\/strong>? Demandez un devis gratuit \u00e0 notre partenaire et b\u00e9n\u00e9ficiez de <strong>5 % de remise<\/strong> :<a href=\"https:\/\/bailleur.locservice.fr\/diagnostics-immobiliers\"> <strong>cliquez ici<\/strong><\/a><strong> !<\/strong><br><br>Sachez que vous pouvez \u00e9galement faire r\u00e9aliser un <strong>audit \u00e9nerg\u00e9tique<\/strong> gr\u00e2ce \u00e0 notre partenaire et b\u00e9n\u00e9ficiez \u00e9galement de <strong>5 % de r\u00e9duction<\/strong> sur votre prestation<strong> <\/strong>:<a href=\"https:\/\/bailleur.locservice.fr\/audit-energetic\"> <strong>cliquez ici<\/strong><\/a><strong>\u00a0<\/strong>!<\/p>\n\n\n\n<h3 class=\"wp-block-heading\">\u2696\ufe0f Peut-on cumuler les CEE avec d\u2019autres aides ?<\/h3>\n\n\n\n<p>Bonne nouvelle : <strong>les CEE sont cumulables<\/strong> avec plusieurs autres dispositifs, notamment :<\/p>\n\n\n\n<ul class=\"wp-block-list\">\n<li><strong><a href=\"https:\/\/www.locservice.gobocom.com\/guides\/guide-proprietaire\/aides-renovation-energetique\/maprimerenov\">MaPrimeR\u00e9nov\u2019<\/a><\/strong> <\/li>\n\n\n\n<li><strong>L\u2019\u00e9co-pr\u00eat \u00e0 taux z\u00e9ro (\u00e9co-PTZ)<\/strong> <\/li>\n\n\n\n<li><strong>La TVA r\u00e9duite \u00e0 5,5 %<\/strong> sur les travaux d\u2019am\u00e9lioration \u00e9nerg\u00e9tique.<\/li>\n\n\n\n<li><strong>Les aides locales<\/strong> propos\u00e9es par certaines collectivit\u00e9s.<\/li>\n<\/ul>\n\n\n\n<p>Cependant, les aides cumul\u00e9es ne peuvent pas d\u00e9passer le co\u00fbt total des travaux.<\/p>\n\n\n\n<h2 class=\"wp-block-heading\">\ud83d\udcb0 Comment obtenir une prime \u00e9nergie via les CEE ?<\/h2>\n\n\n\n<p>Pour b\u00e9n\u00e9ficier d\u2019une aide via les CEE, voici les \u00e9tapes \u00e0 suivre :<\/p>\n\n\n\n<ol start=\"1\" class=\"wp-block-list\">\n<li><strong>Comparer les offres<\/strong> des diff\u00e9rents fournisseurs d\u2019\u00e9nergie (EDF, Engie, Total, etc.) et s\u00e9lectionner la meilleure, puis la valider.<\/li>\n\n\n\n<li>Choisir un <strong>artisan RGE<\/strong>.<\/li>\n\n\n\n<li><strong>Signer <\/strong>le devis de l&rsquo;artisan.<\/li>\n\n\n\n<li><strong>Faire r\u00e9aliser les travaux<\/strong> et conserver toutes les factures et justificatifs.<\/li>\n\n\n\n<li><strong>Envoyer le dossier<\/strong> complet \u00e0 l\u2019organisme financeur pour obtenir le versement de la prime.<\/li>\n<\/ol>\n\n\n\n<p class=\"has-border-color has-background\" style=\"border-color:#30a2ce;border-width:1px;background-color:#d2e8ef\">\u2139\ufe0f Une fois votre bien r\u00e9nov\u00e9,<a href=\"https:\/\/www.locservice.fr\/proprietaires\/\"> inscrivez-le sur LocService.fr<\/a> pour trouver gratuitement vos nouveaux locataires !&nbsp;<\/p>\n\n\n\n<h2 class=\"wp-block-heading\">\ud83d\udee1\ufe0f Attention aux arnaques li\u00e9es aux CEE !<\/h2>\n\n\n\n<p>Le succ\u00e8s des CEE a \u00e9galement attir\u00e9 des individus malintentionn\u00e9s exploitant les failles du syst\u00e8me pour commettre des fraudes. Ces arnaques sont fr\u00e9quentes et prennent diverses formes, mettant en p\u00e9ril la cr\u00e9dibilit\u00e9 du dispositif et la s\u00e9curit\u00e9 financi\u00e8re des particuliers. Voici comment vous assurer d&rsquo;avoir affaire \u00e0 des professionnels s\u00e9rieux :<\/p>\n\n\n\n<ul class=\"wp-block-list\">\n<li><strong>M\u00e9fiez-vous du d\u00e9marchage t\u00e9l\u00e9phonique ou \u00e0 domicile<\/strong> : Depuis la loi du 24 juillet 2020, le d\u00e9marchage t\u00e9l\u00e9phonique dans le secteur de la r\u00e9novation \u00e9nerg\u00e9tique est strictement interdit. Les services publics ne proc\u00e8dent jamais \u00e0 de tels d\u00e9marchages. Ne signez aucun document sous pression et ne divulguez pas vos informations personnelles lors de ces sollicitations.<\/li>\n\n\n\n<li><strong>V\u00e9rifiez les qualifications des professionnels<\/strong> : Assurez-vous que l&rsquo;entreprise est reconnue et poss\u00e8de le label <strong>RGE (Reconnu Garant de l&rsquo;Environnement)<\/strong> en consultant l&rsquo;annuaire officiel des entreprises RGE. Vous pouvez aussi, pourquoi pas, v\u00e9rifier ses avis clients sur internet.<\/li>\n\n\n\n<li><strong>Lisez attentivement les devis et contrats<\/strong> : Des devis incompr\u00e9hensibles ou des cr\u00e9dits camoufl\u00e9s peuvent \u00eatre des signes de fraude. Prenez le temps d&rsquo;analyser chaque document avant de vous engager. <\/li>\n\n\n\n<li><strong>Ne versez pas d&rsquo;acompte disproportionn\u00e9<\/strong> : Un acompte trop \u00e9lev\u00e9 peut \u00eatre suspect. Assurez-vous que les conditions de paiement sont raisonnables et conformes aux pratiques du secteur.<\/li>\n\n\n\n<li><strong>Utilisez des simulateurs officiels<\/strong> : Privil\u00e9giez les outils en ligne reconnus pour estimer vos aides, et m\u00e9fiez-vous des faux simulateurs qui peuvent collecter vos donn\u00e9es \u00e0 des fins malveillantes.<\/li>\n\n\n\n<li><strong><a href=\"https:\/\/france-renov.gouv.fr\/contact\">Contactez France R\u00e9nov&rsquo;<\/a> en cas de doute<\/strong>.<\/li>\n<\/ul>\n\n\n\n<p><\/p>\n","protected":false},"excerpt":{"rendered":"<p>Les certificats d\u2019\u00e9conomies d\u2019\u00e9nergie (CEE) permettent de financer des travaux de r\u00e9novation \u00e9nerg\u00e9tique gr\u00e2ce \u00e0 une obligation impos\u00e9e aux fournisseurs [&hellip;]<\/p>\n","protected":false},"author":2,"featured_media":1437,"parent":0,"menu_order":0,"comment_status":"open","ping_status":"open","template":"","meta":{"_uag_custom_page_level_css":"","_sitemap_exclude":false,"_sitemap_priority":"","_sitemap_frequency":"","site-sidebar-layout":"default","site-content-layout":"","ast-site-content-layout":"","site-content-style":"default","site-sidebar-style":"default","ast-global-header-display":"","ast-banner-title-visibility":"","ast-main-header-display":"","ast-hfb-above-header-display":"","ast-hfb-below-header-display":"","ast-hfb-mobile-header-display":"","site-post-title":"","ast-breadcrumbs-content":"","ast-featured-img":"","footer-sml-layout":"","theme-transparent-header-meta":"","adv-header-id-meta":"","stick-header-meta":"","header-above-stick-meta":"","header-main-stick-meta":"","header-below-stick-meta":"","astra-migrate-meta-layouts":"default","ast-page-background-enabled":"default","ast-page-background-meta":{"desktop":{"background-color":"var(--ast-global-color-4)","background-image":"","background-repeat":"repeat","background-position":"center center","background-size":"auto","background-attachment":"scroll","background-type":"","background-media":"","overlay-type":"","overlay-color":"","overlay-opacity":"","overlay-gradient":""},"tablet":{"background-color":"","background-image":"","background-repeat":"repeat","background-position":"center center","background-size":"auto","background-attachment":"scroll","background-type":"","background-media":"","overlay-type":"","overlay-color":"","overlay-opacity":"","overlay-gradient":""},"mobile":{"background-color":"","background-image":"","background-repeat":"repeat","background-position":"center center","background-size":"auto","background-attachment":"scroll","background-type":"","background-media":"","overlay-type":"","overlay-color":"","overlay-opacity":"","overlay-gradient":""}},"ast-content-background-meta":{"desktop":{"background-color":"var(--ast-global-color-5)","background-image":"","background-repeat":"repeat","background-position":"center center","background-size":"auto","background-attachment":"scroll","background-type":"","background-media":"","overlay-type":"","overlay-color":"","overlay-opacity":"","overlay-gradient":""},"tablet":{"background-color":"var(--ast-global-color-5)","background-image":"","background-repeat":"repeat","background-position":"center center","background-size":"auto","background-attachment":"scroll","background-type":"","background-media":"","overlay-type":"","overlay-color":"","overlay-opacity":"","overlay-gradient":""},"mobile":{"background-color":"var(--ast-global-color-5)","background-image":"","background-repeat":"repeat","background-position":"center center","background-size":"auto","background-attachment":"scroll","background-type":"","background-media":"","overlay-type":"","overlay-color":"","overlay-opacity":"","overlay-gradient":""}},"footnotes":""},"class_list":["post-1436","page","type-page","status-publish","has-post-thumbnail","hentry"],"yoast_head":"<!-- This site is optimized with the Yoast SEO plugin v24.8.1 - https:\/\/yoast.com\/wordpress\/plugins\/seo\/ -->\n<title>Prime CEE 2025 : Aide \u00e0 la r\u00e9novation \u00e9nerg\u00e9tique<\/title>\n<meta name=\"robots\" content=\"index, follow, max-snippet:-1, max-image-preview:large, max-video-preview:-1\" \/>\n<link rel=\"canonical\" href=\"https:\/\/www.locservice.gobocom.com\/guides\/cee-certificats-economie-energie\" \/>\n<meta property=\"og:locale\" content=\"fr_FR\" \/>\n<meta property=\"og:type\" content=\"article\" \/>\n<meta property=\"og:title\" content=\"Prime CEE 2025 : Aide \u00e0 la r\u00e9novation \u00e9nerg\u00e9tique\" \/>\n<meta property=\"og:description\" content=\"Les certificats d\u2019\u00e9conomies d\u2019\u00e9nergie (CEE) permettent de financer des travaux de r\u00e9novation \u00e9nerg\u00e9tique gr\u00e2ce \u00e0 une obligation impos\u00e9e aux fournisseurs [&hellip;]\" \/>\n<meta property=\"og:url\" content=\"https:\/\/www.locservice.gobocom.com\/guides\/cee-certificats-economie-energie\" \/>\n<meta property=\"og:site_name\" content=\"Guides de la location\" \/>\n<meta property=\"article:modified_time\" content=\"2025-04-17T14:21:23+00:00\" \/>\n<meta property=\"og:image\" content=\"https:\/\/www.locservice.gobocom.com\/guides\/wp-content\/uploads\/2025\/02\/CEE-e1740740249111.png\" \/>\n\t<meta property=\"og:image:width\" content=\"636\" \/>\n\t<meta property=\"og:image:height\" content=\"424\" \/>\n\t<meta property=\"og:image:type\" content=\"image\/png\" \/>\n<meta name=\"twitter:card\" content=\"summary_large_image\" \/>\n<meta name=\"twitter:label1\" content=\"Dur\u00e9e de lecture estim\u00e9e\" \/>\n\t<meta name=\"twitter:data1\" content=\"5 minutes\" \/>\n<script type=\"application\/ld+json\" class=\"yoast-schema-graph\">{\"@context\":\"https:\/\/schema.org\",\"@graph\":[{\"@type\":\"WebPage\",\"@id\":\"https:\/\/www.locservice.gobocom.com\/guides\/cee-certificats-economie-energie\",\"url\":\"https:\/\/www.locservice.gobocom.com\/guides\/cee-certificats-economie-energie\",\"name\":\"Prime CEE 2025 : Aide \u00e0 la r\u00e9novation \u00e9nerg\u00e9tique\",\"isPartOf\":{\"@id\":\"https:\/\/www.locservice.gobocom.com\/guides\/#website\"},\"primaryImageOfPage\":{\"@id\":\"https:\/\/www.locservice.gobocom.com\/guides\/cee-certificats-economie-energie#primaryimage\"},\"image\":{\"@id\":\"https:\/\/www.locservice.gobocom.com\/guides\/cee-certificats-economie-energie#primaryimage\"},\"thumbnailUrl\":\"https:\/\/www.locservice.gobocom.com\/guides\/wp-content\/uploads\/2025\/02\/CEE-e1740740249111.png\",\"datePublished\":\"2025-02-27T17:06:20+00:00\",\"dateModified\":\"2025-04-17T14:21:23+00:00\",\"breadcrumb\":{\"@id\":\"https:\/\/www.locservice.gobocom.com\/guides\/cee-certificats-economie-energie#breadcrumb\"},\"inLanguage\":\"fr-FR\",\"potentialAction\":[{\"@type\":\"ReadAction\",\"target\":[\"https:\/\/www.locservice.gobocom.com\/guides\/cee-certificats-economie-energie\"]}]},{\"@type\":\"ImageObject\",\"inLanguage\":\"fr-FR\",\"@id\":\"https:\/\/www.locservice.gobocom.com\/guides\/cee-certificats-economie-energie#primaryimage\",\"url\":\"https:\/\/www.locservice.gobocom.com\/guides\/wp-content\/uploads\/2025\/02\/CEE-e1740740249111.png\",\"contentUrl\":\"https:\/\/www.locservice.gobocom.com\/guides\/wp-content\/uploads\/2025\/02\/CEE-e1740740249111.png\",\"width\":636,\"height\":424},{\"@type\":\"BreadcrumbList\",\"@id\":\"https:\/\/www.locservice.gobocom.com\/guides\/cee-certificats-economie-energie#breadcrumb\",\"itemListElement\":[{\"@type\":\"ListItem\",\"position\":1,\"name\":\"Tous les guides LocService\",\"item\":\"https:\/\/www.locservice.gobocom.com\/guides\/\"},{\"@type\":\"ListItem\",\"position\":2,\"name\":\"Les Certificats d&rsquo;\u00c9conomie d&rsquo;\u00c9nergie (CEE)\"}]},{\"@type\":\"WebSite\",\"@id\":\"https:\/\/www.locservice.gobocom.com\/guides\/#website\",\"url\":\"https:\/\/www.locservice.gobocom.com\/guides\/\",\"name\":\"Les guides de la location et de la colocation\",\"description\":\"\",\"publisher\":{\"@id\":\"https:\/\/www.locservice.gobocom.com\/guides\/#organization\"},\"potentialAction\":[{\"@type\":\"SearchAction\",\"target\":{\"@type\":\"EntryPoint\",\"urlTemplate\":\"https:\/\/www.locservice.gobocom.com\/guides\/?s={search_term_string}\"},\"query-input\":{\"@type\":\"PropertyValueSpecification\",\"valueRequired\":true,\"valueName\":\"search_term_string\"}}],\"inLanguage\":\"fr-FR\"},{\"@type\":\"Organization\",\"@id\":\"https:\/\/www.locservice.gobocom.com\/guides\/#organization\",\"name\":\"Les guides de la location et de la colocation\",\"url\":\"https:\/\/www.locservice.gobocom.com\/guides\/\",\"logo\":{\"@type\":\"ImageObject\",\"inLanguage\":\"fr-FR\",\"@id\":\"https:\/\/www.locservice.gobocom.com\/guides\/#\/schema\/logo\/image\/\",\"url\":\"https:\/\/www.locservice.gobocom.com\/guides\/wp-content\/uploads\/2024\/12\/cropped-classic_hd.png\",\"contentUrl\":\"https:\/\/www.locservice.gobocom.com\/guides\/wp-content\/uploads\/2024\/12\/cropped-classic_hd.png\",\"width\":600,\"height\":121,\"caption\":\"Les guides de la location et de la colocation\"},\"image\":{\"@id\":\"https:\/\/www.locservice.gobocom.com\/guides\/#\/schema\/logo\/image\/\"}}]}<\/script>\n<!-- \/ Yoast SEO plugin. -->","yoast_head_json":{"title":"Prime CEE 2025 : Aide \u00e0 la r\u00e9novation \u00e9nerg\u00e9tique","robots":{"index":"index","follow":"follow","max-snippet":"max-snippet:-1","max-image-preview":"max-image-preview:large","max-video-preview":"max-video-preview:-1"},"canonical":"https:\/\/www.locservice.gobocom.com\/guides\/cee-certificats-economie-energie","og_locale":"fr_FR","og_type":"article","og_title":"Prime CEE 2025 : Aide \u00e0 la r\u00e9novation \u00e9nerg\u00e9tique","og_description":"Les certificats d\u2019\u00e9conomies d\u2019\u00e9nergie (CEE) permettent de financer des travaux de r\u00e9novation \u00e9nerg\u00e9tique gr\u00e2ce \u00e0 une obligation impos\u00e9e aux fournisseurs [&hellip;]","og_url":"https:\/\/www.locservice.gobocom.com\/guides\/cee-certificats-economie-energie","og_site_name":"Guides de la location","article_modified_time":"2025-04-17T14:21:23+00:00","og_image":[{"width":636,"height":424,"url":"https:\/\/www.locservice.gobocom.com\/guides\/wp-content\/uploads\/2025\/02\/CEE-e1740740249111.png","type":"image\/png"}],"twitter_card":"summary_large_image","twitter_misc":{"Dur\u00e9e de lecture estim\u00e9e":"5 minutes"},"schema":{"@context":"https:\/\/schema.org","@graph":[{"@type":"WebPage","@id":"https:\/\/www.locservice.gobocom.com\/guides\/cee-certificats-economie-energie","url":"https:\/\/www.locservice.gobocom.com\/guides\/cee-certificats-economie-energie","name":"Prime CEE 2025 : Aide \u00e0 la r\u00e9novation \u00e9nerg\u00e9tique","isPartOf":{"@id":"https:\/\/www.locservice.gobocom.com\/guides\/#website"},"primaryImageOfPage":{"@id":"https:\/\/www.locservice.gobocom.com\/guides\/cee-certificats-economie-energie#primaryimage"},"image":{"@id":"https:\/\/www.locservice.gobocom.com\/guides\/cee-certificats-economie-energie#primaryimage"},"thumbnailUrl":"https:\/\/www.locservice.gobocom.com\/guides\/wp-content\/uploads\/2025\/02\/CEE-e1740740249111.png","datePublished":"2025-02-27T17:06:20+00:00","dateModified":"2025-04-17T14:21:23+00:00","breadcrumb":{"@id":"https:\/\/www.locservice.gobocom.com\/guides\/cee-certificats-economie-energie#breadcrumb"},"inLanguage":"fr-FR","potentialAction":[{"@type":"ReadAction","target":["https:\/\/www.locservice.gobocom.com\/guides\/cee-certificats-economie-energie"]}]},{"@type":"ImageObject","inLanguage":"fr-FR","@id":"https:\/\/www.locservice.gobocom.com\/guides\/cee-certificats-economie-energie#primaryimage","url":"https:\/\/www.locservice.gobocom.com\/guides\/wp-content\/uploads\/2025\/02\/CEE-e1740740249111.png","contentUrl":"https:\/\/www.locservice.gobocom.com\/guides\/wp-content\/uploads\/2025\/02\/CEE-e1740740249111.png","width":636,"height":424},{"@type":"BreadcrumbList","@id":"https:\/\/www.locservice.gobocom.com\/guides\/cee-certificats-economie-energie#breadcrumb","itemListElement":[{"@type":"ListItem","position":1,"name":"Tous les guides LocService","item":"https:\/\/www.locservice.gobocom.com\/guides\/"},{"@type":"ListItem","position":2,"name":"Les Certificats d&rsquo;\u00c9conomie d&rsquo;\u00c9nergie (CEE)"}]},{"@type":"WebSite","@id":"https:\/\/www.locservice.gobocom.com\/guides\/#website","url":"https:\/\/www.locservice.gobocom.com\/guides\/","name":"Les guides de la location et de la colocation","description":"","publisher":{"@id":"https:\/\/www.locservice.gobocom.com\/guides\/#organization"},"potentialAction":[{"@type":"SearchAction","target":{"@type":"EntryPoint","urlTemplate":"https:\/\/www.locservice.gobocom.com\/guides\/?s={search_term_string}"},"query-input":{"@type":"PropertyValueSpecification","valueRequired":true,"valueName":"search_term_string"}}],"inLanguage":"fr-FR"},{"@type":"Organization","@id":"https:\/\/www.locservice.gobocom.com\/guides\/#organization","name":"Les guides de la location et de la colocation","url":"https:\/\/www.locservice.gobocom.com\/guides\/","logo":{"@type":"ImageObject","inLanguage":"fr-FR","@id":"https:\/\/www.locservice.gobocom.com\/guides\/#\/schema\/logo\/image\/","url":"https:\/\/www.locservice.gobocom.com\/guides\/wp-content\/uploads\/2024\/12\/cropped-classic_hd.png","contentUrl":"https:\/\/www.locservice.gobocom.com\/guides\/wp-content\/uploads\/2024\/12\/cropped-classic_hd.png","width":600,"height":121,"caption":"Les guides de la location et de la colocation"},"image":{"@id":"https:\/\/www.locservice.gobocom.com\/guides\/#\/schema\/logo\/image\/"}}]}},"uagb_featured_image_src":{"full":["https:\/\/www.locservice.gobocom.com\/guides\/wp-content\/uploads\/2025\/02\/CEE-e1740740249111.png",636,424,false],"thumbnail":["https:\/\/www.locservice.gobocom.com\/guides\/wp-content\/uploads\/2025\/02\/CEE-e1740740249111-150x150.png",150,150,true],"medium":["https:\/\/www.locservice.gobocom.com\/guides\/wp-content\/uploads\/2025\/02\/CEE-e1740740249111-300x200.png",300,200,true],"medium_large":["https:\/\/www.locservice.gobocom.com\/guides\/wp-content\/uploads\/2025\/02\/CEE-e1740740249111.png",636,424,false],"large":["https:\/\/www.locservice.gobocom.com\/guides\/wp-content\/uploads\/2025\/02\/CEE-e1740740249111.png",636,424,false],"1536x1536":["https:\/\/www.locservice.gobocom.com\/guides\/wp-content\/uploads\/2025\/02\/CEE-e1740740249111.png",636,424,false],"2048x2048":["https:\/\/www.locservice.gobocom.com\/guides\/wp-content\/uploads\/2025\/02\/CEE-e1740740249111.png",636,424,false],"authorship-box-avatar":["https:\/\/www.locservice.gobocom.com\/guides\/wp-content\/uploads\/2025\/02\/CEE-e1740740249111.png",150,100,false],"authorship-box-related":["https:\/\/www.locservice.gobocom.com\/guides\/wp-content\/uploads\/2025\/02\/CEE-e1740740249111.png",70,47,false]},"uagb_author_info":{"display_name":"Ivan Thi\u00e9bault","author_link":"https:\/\/www.locservice.gobocom.com\/guides\/author\/ivan"},"uagb_comment_info":0,"uagb_excerpt":"Les certificats d\u2019\u00e9conomies d\u2019\u00e9nergie (CEE) permettent de financer des travaux de r\u00e9novation \u00e9nerg\u00e9tique gr\u00e2ce \u00e0 une obligation impos\u00e9e aux fournisseurs [&hellip;]","_links":{"self":[{"href":"https:\/\/www.locservice.gobocom.com\/guides\/wp-json\/wp\/v2\/pages\/1436","targetHints":{"allow":["GET"]}}],"collection":[{"href":"https:\/\/www.locservice.gobocom.com\/guides\/wp-json\/wp\/v2\/pages"}],"about":[{"href":"https:\/\/www.locservice.gobocom.com\/guides\/wp-json\/wp\/v2\/types\/page"}],"author":[{"embeddable":true,"href":"https:\/\/www.locservice.gobocom.com\/guides\/wp-json\/wp\/v2\/users\/2"}],"replies":[{"embeddable":true,"href":"https:\/\/www.locservice.gobocom.com\/guides\/wp-json\/wp\/v2\/comments?post=1436"}],"version-history":[{"count":3,"href":"https:\/\/www.locservice.gobocom.com\/guides\/wp-json\/wp\/v2\/pages\/1436\/revisions"}],"predecessor-version":[{"id":1602,"href":"https:\/\/www.locservice.gobocom.com\/guides\/wp-json\/wp\/v2\/pages\/1436\/revisions\/1602"}],"wp:featuredmedia":[{"embeddable":true,"href":"https:\/\/www.locservice.gobocom.com\/guides\/wp-json\/wp\/v2\/media\/1437"}],"wp:attachment":[{"href":"https:\/\/www.locservice.gobocom.com\/guides\/wp-json\/wp\/v2\/media?parent=1436"}],"curies":[{"name":"wp","href":"https:\/\/api.w.org\/{rel}","templated":true}]}}