{"id":1149,"date":"2025-01-13T16:20:55","date_gmt":"2025-01-13T15:20:55","guid":{"rendered":"https:\/\/www.locservice.gobocom.com\/guides\/?p=1149"},"modified":"2025-04-17T16:21:10","modified_gmt":"2025-04-17T14:21:10","slug":"modele-lettre-resiliation-bail-meuble","status":"publish","type":"page","link":"https:\/\/www.locservice.gobocom.com\/guides\/modele-lettre-resiliation-bail-meuble","title":{"rendered":"Mod\u00e8le de lettre de r\u00e9siliation de bail meubl\u00e9"},"content":{"rendered":"\n<div class=\"wp-block-uagb-call-to-action uagb-block-4af1e687 wp-block-button\"><div class=\"uagb-cta__wrap\"><p class=\"uagb-cta__desc\">T\u00e9l\u00e9chargez en PDF notre <strong>mod\u00e8le <\/strong>de <strong>lettre de pr\u00e9avis<\/strong> pour un <strong>logement meubl\u00e9<\/strong>, avec donc un <strong>pr\u00e9avis d&rsquo;un mois<\/strong>. Pour rappel, cette <a href=\"https:\/\/www.locservice.gobocom.com\/guides\/guide-locataire\/resiliation-bail-locataire\/lettre-resiliation-bail\">lettre-type de r\u00e9siliation de bail<\/a> est destin\u00e9e \u00e0 \u00eatre<strong> envoy\u00e9e au propri\u00e9taire par le locataire<\/strong> d&rsquo;un logement lorsque celui-ci souhaite mettre fin au bail.<br><\/p><\/div><div class=\"uagb-cta__buttons\"><a href=\"https:\/\/www.locservice.fr\/_media\/lettre-preavis-meuble-locataire.pdf\" class=\"uagb-cta__button-link-wrapper wp-block-button__link\" target=\"_self\" rel=\"noopener noreferrer\">Mod\u00e8le de lettre de pr\u00e9avis bail meubl\u00e9<\/a><\/div><\/div>\n\n\n\n<div id=\"div-gpt-ad-1534773938396-0\" style=\"text-align: center;\"><\/div>\n\n\n\n<div class=\"wp-block-group has-border-color has-background is-layout-constrained wp-block-group-is-layout-constrained\" style=\"border-color:#30a2ce;border-width:1px;background-color:#d2e8ef;padding-top:var(--wp--preset--spacing--30);padding-bottom:var(--wp--preset--spacing--30)\">\n<p style=\"padding-top:0;padding-right:0;padding-bottom:0;padding-left:0\">\ud83d\udc4bVous \u00eates <strong>locataire <\/strong>et vous <strong>pr\u00e9voyez de d\u00e9m\u00e9nager<\/strong> ? Ces offres peuvent vous int\u00e9resser !<\/p>\n\n\n\n<ul class=\"wp-block-list\">\n<li>Pour vous faire accompagner par notre partenaire qui n\u00e9gociera pour vous les <strong>meilleures offres \u00e9lectricit\u00e9\/gaz\/box<\/strong> : <strong><a href=\"https:\/\/demenagement.locservice.fr\/\">Cliquez ici<\/a><\/strong><\/li>\n\n\n\n<li>Pour recevoir des <strong>devis gratuits de d\u00e9m\u00e9nageurs<\/strong> proches de chez vous : <strong><a href=\"https:\/\/demenagement.locservice.fr\/demenagement-pro\">Cliquez ici<\/a><\/strong><\/li>\n<\/ul>\n<\/div>\n\n\n\n<p><\/p>\n","protected":false},"excerpt":{"rendered":"<p>\ud83d\udc4bVous \u00eates locataire et vous pr\u00e9voyez de d\u00e9m\u00e9nager ? Ces offres peuvent vous int\u00e9resser !<\/p>\n","protected":false},"author":2,"featured_media":1094,"parent":0,"menu_order":159,"comment_status":"open","ping_status":"open","template":"","meta":{"_uag_custom_page_level_css":"","_sitemap_exclude":false,"_sitemap_priority":"","_sitemap_frequency":"","site-sidebar-layout":"default","site-content-layout":"","ast-site-content-layout":"","site-content-style":"default","site-sidebar-style":"default","ast-global-header-display":"","ast-banner-title-visibility":"","ast-main-header-display":"","ast-hfb-above-header-display":"","ast-hfb-below-header-display":"","ast-hfb-mobile-header-display":"","site-post-title":"","ast-breadcrumbs-content":"","ast-featured-img":"","footer-sml-layout":"","theme-transparent-header-meta":"","adv-header-id-meta":"","stick-header-meta":"","header-above-stick-meta":"","header-main-stick-meta":"","header-below-stick-meta":"","astra-migrate-meta-layouts":"default","ast-page-background-enabled":"default","ast-page-background-meta":{"desktop":{"background-color":"var(--ast-global-color-4)","background-image":"","background-repeat":"repeat","background-position":"center center","background-size":"auto","background-attachment":"scroll","background-type":"","background-media":"","overlay-type":"","overlay-color":"","overlay-opacity":"","overlay-gradient":""},"tablet":{"background-color":"","background-image":"","background-repeat":"repeat","background-position":"center center","background-size":"auto","background-attachment":"scroll","background-type":"","background-media":"","overlay-type":"","overlay-color":"","overlay-opacity":"","overlay-gradient":""},"mobile":{"background-color":"","background-image":"","background-repeat":"repeat","background-position":"center center","background-size":"auto","background-attachment":"scroll","background-type":"","background-media":"","overlay-type":"","overlay-color":"","overlay-opacity":"","overlay-gradient":""}},"ast-content-background-meta":{"desktop":{"background-color":"var(--ast-global-color-5)","background-image":"","background-repeat":"repeat","background-position":"center center","background-size":"auto","background-attachment":"scroll","background-type":"","background-media":"","overlay-type":"","overlay-color":"","overlay-opacity":"","overlay-gradient":""},"tablet":{"background-color":"var(--ast-global-color-5)","background-image":"","background-repeat":"repeat","background-position":"center center","background-size":"auto","background-attachment":"scroll","background-type":"","background-media":"","overlay-type":"","overlay-color":"","overlay-opacity":"","overlay-gradient":""},"mobile":{"background-color":"var(--ast-global-color-5)","background-image":"","background-repeat":"repeat","background-position":"center center","background-size":"auto","background-attachment":"scroll","background-type":"","background-media":"","overlay-type":"","overlay-color":"","overlay-opacity":"","overlay-gradient":""}},"footnotes":""},"class_list":["post-1149","page","type-page","status-publish","has-post-thumbnail","hentry"],"yoast_head":"<!-- This site is optimized with the Yoast SEO plugin v24.8.1 - https:\/\/yoast.com\/wordpress\/plugins\/seo\/ -->\n<title>Mod\u00e8le de lettre de r\u00e9siliation de bail meubl\u00e9 - Pr\u00e9avis 1 mois<\/title>\n<meta name=\"description\" content=\"Exemple de lettre de pr\u00e9avis pour un logement meubl\u00e9 envoy\u00e9e par le locataire au propri\u00e9taire. T\u00e9l\u00e9chargement gratuit en PDF.\" \/>\n<meta name=\"robots\" content=\"index, follow, max-snippet:-1, max-image-preview:large, max-video-preview:-1\" \/>\n<link rel=\"canonical\" href=\"https:\/\/www.locservice.gobocom.com\/guides\/modele-lettre-resiliation-bail-meuble\" \/>\n<meta property=\"og:locale\" content=\"fr_FR\" \/>\n<meta property=\"og:type\" content=\"article\" \/>\n<meta property=\"og:title\" content=\"Mod\u00e8le de lettre de r\u00e9siliation de bail meubl\u00e9 - Pr\u00e9avis 1 mois\" \/>\n<meta property=\"og:description\" content=\"Exemple de lettre de pr\u00e9avis pour un logement meubl\u00e9 envoy\u00e9e par le locataire au propri\u00e9taire. T\u00e9l\u00e9chargement gratuit en PDF.\" \/>\n<meta property=\"og:url\" content=\"https:\/\/www.locservice.gobocom.com\/guides\/modele-lettre-resiliation-bail-meuble\" \/>\n<meta property=\"og:site_name\" content=\"Guides de la location\" \/>\n<meta property=\"article:modified_time\" content=\"2025-04-17T14:21:10+00:00\" \/>\n<meta property=\"og:image\" content=\"https:\/\/www.locservice.gobocom.com\/guides\/wp-content\/uploads\/2025\/01\/conges-aux-proprietaires.jpg\" \/>\n\t<meta property=\"og:image:width\" content=\"580\" \/>\n\t<meta property=\"og:image:height\" content=\"387\" \/>\n\t<meta property=\"og:image:type\" content=\"image\/jpeg\" \/>\n<meta name=\"twitter:card\" content=\"summary_large_image\" \/>\n<meta name=\"twitter:label1\" content=\"Dur\u00e9e de lecture estim\u00e9e\" \/>\n\t<meta name=\"twitter:data1\" content=\"1 minute\" \/>\n<script type=\"application\/ld+json\" class=\"yoast-schema-graph\">{\"@context\":\"https:\/\/schema.org\",\"@graph\":[{\"@type\":\"WebPage\",\"@id\":\"https:\/\/www.locservice.gobocom.com\/guides\/modele-lettre-resiliation-bail-meuble\",\"url\":\"https:\/\/www.locservice.gobocom.com\/guides\/modele-lettre-resiliation-bail-meuble\",\"name\":\"Mod\u00e8le de lettre de r\u00e9siliation de bail meubl\u00e9 - Pr\u00e9avis 1 mois\",\"isPartOf\":{\"@id\":\"https:\/\/www.locservice.gobocom.com\/guides\/#website\"},\"primaryImageOfPage\":{\"@id\":\"https:\/\/www.locservice.gobocom.com\/guides\/modele-lettre-resiliation-bail-meuble#primaryimage\"},\"image\":{\"@id\":\"https:\/\/www.locservice.gobocom.com\/guides\/modele-lettre-resiliation-bail-meuble#primaryimage\"},\"thumbnailUrl\":\"https:\/\/www.locservice.gobocom.com\/guides\/wp-content\/uploads\/2025\/01\/conges-aux-proprietaires.jpg\",\"datePublished\":\"2025-01-13T15:20:55+00:00\",\"dateModified\":\"2025-04-17T14:21:10+00:00\",\"description\":\"Exemple de lettre de pr\u00e9avis pour un logement meubl\u00e9 envoy\u00e9e par le locataire au propri\u00e9taire. T\u00e9l\u00e9chargement gratuit en PDF.\",\"breadcrumb\":{\"@id\":\"https:\/\/www.locservice.gobocom.com\/guides\/modele-lettre-resiliation-bail-meuble#breadcrumb\"},\"inLanguage\":\"fr-FR\",\"potentialAction\":[{\"@type\":\"ReadAction\",\"target\":[\"https:\/\/www.locservice.gobocom.com\/guides\/modele-lettre-resiliation-bail-meuble\"]}]},{\"@type\":\"ImageObject\",\"inLanguage\":\"fr-FR\",\"@id\":\"https:\/\/www.locservice.gobocom.com\/guides\/modele-lettre-resiliation-bail-meuble#primaryimage\",\"url\":\"https:\/\/www.locservice.gobocom.com\/guides\/wp-content\/uploads\/2025\/01\/conges-aux-proprietaires.jpg\",\"contentUrl\":\"https:\/\/www.locservice.gobocom.com\/guides\/wp-content\/uploads\/2025\/01\/conges-aux-proprietaires.jpg\",\"width\":580,\"height\":387},{\"@type\":\"BreadcrumbList\",\"@id\":\"https:\/\/www.locservice.gobocom.com\/guides\/modele-lettre-resiliation-bail-meuble#breadcrumb\",\"itemListElement\":[{\"@type\":\"ListItem\",\"position\":1,\"name\":\"Tous les guides LocService\",\"item\":\"https:\/\/www.locservice.gobocom.com\/guides\/\"},{\"@type\":\"ListItem\",\"position\":2,\"name\":\"Mod\u00e8le de lettre de r\u00e9siliation de bail meubl\u00e9\"}]},{\"@type\":\"WebSite\",\"@id\":\"https:\/\/www.locservice.gobocom.com\/guides\/#website\",\"url\":\"https:\/\/www.locservice.gobocom.com\/guides\/\",\"name\":\"Les guides de la location et de la colocation\",\"description\":\"\",\"publisher\":{\"@id\":\"https:\/\/www.locservice.gobocom.com\/guides\/#organization\"},\"potentialAction\":[{\"@type\":\"SearchAction\",\"target\":{\"@type\":\"EntryPoint\",\"urlTemplate\":\"https:\/\/www.locservice.gobocom.com\/guides\/?s={search_term_string}\"},\"query-input\":{\"@type\":\"PropertyValueSpecification\",\"valueRequired\":true,\"valueName\":\"search_term_string\"}}],\"inLanguage\":\"fr-FR\"},{\"@type\":\"Organization\",\"@id\":\"https:\/\/www.locservice.gobocom.com\/guides\/#organization\",\"name\":\"Les guides de la location et de la colocation\",\"url\":\"https:\/\/www.locservice.gobocom.com\/guides\/\",\"logo\":{\"@type\":\"ImageObject\",\"inLanguage\":\"fr-FR\",\"@id\":\"https:\/\/www.locservice.gobocom.com\/guides\/#\/schema\/logo\/image\/\",\"url\":\"https:\/\/www.locservice.gobocom.com\/guides\/wp-content\/uploads\/2024\/12\/cropped-classic_hd.png\",\"contentUrl\":\"https:\/\/www.locservice.gobocom.com\/guides\/wp-content\/uploads\/2024\/12\/cropped-classic_hd.png\",\"width\":600,\"height\":121,\"caption\":\"Les guides de la location et de la colocation\"},\"image\":{\"@id\":\"https:\/\/www.locservice.gobocom.com\/guides\/#\/schema\/logo\/image\/\"}}]}<\/script>\n<!-- \/ Yoast SEO plugin. -->","yoast_head_json":{"title":"Mod\u00e8le de lettre de r\u00e9siliation de bail meubl\u00e9 - Pr\u00e9avis 1 mois","description":"Exemple de lettre de pr\u00e9avis pour un logement meubl\u00e9 envoy\u00e9e par le locataire au propri\u00e9taire. T\u00e9l\u00e9chargement gratuit en PDF.","robots":{"index":"index","follow":"follow","max-snippet":"max-snippet:-1","max-image-preview":"max-image-preview:large","max-video-preview":"max-video-preview:-1"},"canonical":"https:\/\/www.locservice.gobocom.com\/guides\/modele-lettre-resiliation-bail-meuble","og_locale":"fr_FR","og_type":"article","og_title":"Mod\u00e8le de lettre de r\u00e9siliation de bail meubl\u00e9 - Pr\u00e9avis 1 mois","og_description":"Exemple de lettre de pr\u00e9avis pour un logement meubl\u00e9 envoy\u00e9e par le locataire au propri\u00e9taire. T\u00e9l\u00e9chargement gratuit en PDF.","og_url":"https:\/\/www.locservice.gobocom.com\/guides\/modele-lettre-resiliation-bail-meuble","og_site_name":"Guides de la location","article_modified_time":"2025-04-17T14:21:10+00:00","og_image":[{"width":580,"height":387,"url":"https:\/\/www.locservice.gobocom.com\/guides\/wp-content\/uploads\/2025\/01\/conges-aux-proprietaires.jpg","type":"image\/jpeg"}],"twitter_card":"summary_large_image","twitter_misc":{"Dur\u00e9e de lecture estim\u00e9e":"1 minute"},"schema":{"@context":"https:\/\/schema.org","@graph":[{"@type":"WebPage","@id":"https:\/\/www.locservice.gobocom.com\/guides\/modele-lettre-resiliation-bail-meuble","url":"https:\/\/www.locservice.gobocom.com\/guides\/modele-lettre-resiliation-bail-meuble","name":"Mod\u00e8le de lettre de r\u00e9siliation de bail meubl\u00e9 - Pr\u00e9avis 1 mois","isPartOf":{"@id":"https:\/\/www.locservice.gobocom.com\/guides\/#website"},"primaryImageOfPage":{"@id":"https:\/\/www.locservice.gobocom.com\/guides\/modele-lettre-resiliation-bail-meuble#primaryimage"},"image":{"@id":"https:\/\/www.locservice.gobocom.com\/guides\/modele-lettre-resiliation-bail-meuble#primaryimage"},"thumbnailUrl":"https:\/\/www.locservice.gobocom.com\/guides\/wp-content\/uploads\/2025\/01\/conges-aux-proprietaires.jpg","datePublished":"2025-01-13T15:20:55+00:00","dateModified":"2025-04-17T14:21:10+00:00","description":"Exemple de lettre de pr\u00e9avis pour un logement meubl\u00e9 envoy\u00e9e par le locataire au propri\u00e9taire. T\u00e9l\u00e9chargement gratuit en PDF.","breadcrumb":{"@id":"https:\/\/www.locservice.gobocom.com\/guides\/modele-lettre-resiliation-bail-meuble#breadcrumb"},"inLanguage":"fr-FR","potentialAction":[{"@type":"ReadAction","target":["https:\/\/www.locservice.gobocom.com\/guides\/modele-lettre-resiliation-bail-meuble"]}]},{"@type":"ImageObject","inLanguage":"fr-FR","@id":"https:\/\/www.locservice.gobocom.com\/guides\/modele-lettre-resiliation-bail-meuble#primaryimage","url":"https:\/\/www.locservice.gobocom.com\/guides\/wp-content\/uploads\/2025\/01\/conges-aux-proprietaires.jpg","contentUrl":"https:\/\/www.locservice.gobocom.com\/guides\/wp-content\/uploads\/2025\/01\/conges-aux-proprietaires.jpg","width":580,"height":387},{"@type":"BreadcrumbList","@id":"https:\/\/www.locservice.gobocom.com\/guides\/modele-lettre-resiliation-bail-meuble#breadcrumb","itemListElement":[{"@type":"ListItem","position":1,"name":"Tous les guides LocService","item":"https:\/\/www.locservice.gobocom.com\/guides\/"},{"@type":"ListItem","position":2,"name":"Mod\u00e8le de lettre de r\u00e9siliation de bail meubl\u00e9"}]},{"@type":"WebSite","@id":"https:\/\/www.locservice.gobocom.com\/guides\/#website","url":"https:\/\/www.locservice.gobocom.com\/guides\/","name":"Les guides de la location et de la colocation","description":"","publisher":{"@id":"https:\/\/www.locservice.gobocom.com\/guides\/#organization"},"potentialAction":[{"@type":"SearchAction","target":{"@type":"EntryPoint","urlTemplate":"https:\/\/www.locservice.gobocom.com\/guides\/?s={search_term_string}"},"query-input":{"@type":"PropertyValueSpecification","valueRequired":true,"valueName":"search_term_string"}}],"inLanguage":"fr-FR"},{"@type":"Organization","@id":"https:\/\/www.locservice.gobocom.com\/guides\/#organization","name":"Les guides de la location et de la colocation","url":"https:\/\/www.locservice.gobocom.com\/guides\/","logo":{"@type":"ImageObject","inLanguage":"fr-FR","@id":"https:\/\/www.locservice.gobocom.com\/guides\/#\/schema\/logo\/image\/","url":"https:\/\/www.locservice.gobocom.com\/guides\/wp-content\/uploads\/2024\/12\/cropped-classic_hd.png","contentUrl":"https:\/\/www.locservice.gobocom.com\/guides\/wp-content\/uploads\/2024\/12\/cropped-classic_hd.png","width":600,"height":121,"caption":"Les guides de la location et de la colocation"},"image":{"@id":"https:\/\/www.locservice.gobocom.com\/guides\/#\/schema\/logo\/image\/"}}]}},"uagb_featured_image_src":{"full":["https:\/\/www.locservice.gobocom.com\/guides\/wp-content\/uploads\/2025\/01\/conges-aux-proprietaires.jpg",580,387,false],"thumbnail":["https:\/\/www.locservice.gobocom.com\/guides\/wp-content\/uploads\/2025\/01\/conges-aux-proprietaires-150x150.jpg",150,150,true],"medium":["https:\/\/www.locservice.gobocom.com\/guides\/wp-content\/uploads\/2025\/01\/conges-aux-proprietaires-300x200.jpg",300,200,true],"medium_large":["https:\/\/www.locservice.gobocom.com\/guides\/wp-content\/uploads\/2025\/01\/conges-aux-proprietaires.jpg",580,387,false],"large":["https:\/\/www.locservice.gobocom.com\/guides\/wp-content\/uploads\/2025\/01\/conges-aux-proprietaires.jpg",580,387,false],"1536x1536":["https:\/\/www.locservice.gobocom.com\/guides\/wp-content\/uploads\/2025\/01\/conges-aux-proprietaires.jpg",580,387,false],"2048x2048":["https:\/\/www.locservice.gobocom.com\/guides\/wp-content\/uploads\/2025\/01\/conges-aux-proprietaires.jpg",580,387,false],"authorship-box-avatar":["https:\/\/www.locservice.gobocom.com\/guides\/wp-content\/uploads\/2025\/01\/conges-aux-proprietaires.jpg",150,100,false],"authorship-box-related":["https:\/\/www.locservice.gobocom.com\/guides\/wp-content\/uploads\/2025\/01\/conges-aux-proprietaires.jpg",70,47,false]},"uagb_author_info":{"display_name":"Ivan Thi\u00e9bault","author_link":"https:\/\/www.locservice.gobocom.com\/guides\/author\/ivan"},"uagb_comment_info":0,"uagb_excerpt":"\ud83d\udc4bVous \u00eates locataire et vous pr\u00e9voyez de d\u00e9m\u00e9nager ? Ces offres peuvent vous int\u00e9resser !","_links":{"self":[{"href":"https:\/\/www.locservice.gobocom.com\/guides\/wp-json\/wp\/v2\/pages\/1149","targetHints":{"allow":["GET"]}}],"collection":[{"href":"https:\/\/www.locservice.gobocom.com\/guides\/wp-json\/wp\/v2\/pages"}],"about":[{"href":"https:\/\/www.locservice.gobocom.com\/guides\/wp-json\/wp\/v2\/types\/page"}],"author":[{"embeddable":true,"href":"https:\/\/www.locservice.gobocom.com\/guides\/wp-json\/wp\/v2\/users\/2"}],"replies":[{"embeddable":true,"href":"https:\/\/www.locservice.gobocom.com\/guides\/wp-json\/wp\/v2\/comments?post=1149"}],"version-history":[{"count":4,"href":"https:\/\/www.locservice.gobocom.com\/guides\/wp-json\/wp\/v2\/pages\/1149\/revisions"}],"predecessor-version":[{"id":1798,"href":"https:\/\/www.locservice.gobocom.com\/guides\/wp-json\/wp\/v2\/pages\/1149\/revisions\/1798"}],"wp:featuredmedia":[{"embeddable":true,"href":"https:\/\/www.locservice.gobocom.com\/guides\/wp-json\/wp\/v2\/media\/1094"}],"wp:attachment":[{"href":"https:\/\/www.locservice.gobocom.com\/guides\/wp-json\/wp\/v2\/media?parent=1149"}],"curies":[{"name":"wp","href":"https:\/\/api.w.org\/{rel}","templated":true}]}}